{"id":5127,"date":"2025-03-14T12:40:15","date_gmt":"2025-03-14T17:40:15","guid":{"rendered":"https:\/\/wisdomforest.org\/?page_id=5127"},"modified":"2025-10-14T13:35:47","modified_gmt":"2025-10-14T18:35:47","slug":"long-term-volunteering","status":"publish","type":"page","link":"https:\/\/wisdomforest.org\/es\/long-term-volunteering\/","title":{"rendered":"Voluntariado a largo plazo"},"content":{"rendered":"<div data-elementor-type=\"wp-page\" data-elementor-id=\"5127\" class=\"elementor elementor-5127\" data-elementor-post-type=\"page\">\n\t\t\t\t<div data-particle_enable=\"false\" data-particle-mobile-disabled=\"false\" class=\"elementor-element elementor-element-ae4bc58 e-flex e-con-boxed e-con e-parent\" data-id=\"ae4bc58\" data-element_type=\"container\" data-settings=\"{&quot;background_background&quot;:&quot;classic&quot;}\">\n\t\t\t\t\t<div class=\"e-con-inner\">\n\t\t\t\t\t<\/div>\n\t\t\t\t<\/div>\n\t\t<div data-particle_enable=\"false\" data-particle-mobile-disabled=\"false\" class=\"elementor-element elementor-element-dcea518 e-flex e-con-boxed e-con e-parent\" data-id=\"dcea518\" data-element_type=\"container\" data-settings=\"{&quot;background_background&quot;:&quot;classic&quot;}\">\n\t\t\t\t\t<div class=\"e-con-inner\">\n\t\t\t\t<div class=\"elementor-element elementor-element-dfa25c8 elementor-widget elementor-widget-heading\" data-id=\"dfa25c8\" data-element_type=\"widget\" data-widget_type=\"heading.default\">\n\t\t\t\t<div class=\"elementor-widget-container\">\n\t\t\t\t\t<h2 class=\"elementor-heading-title elementor-size-default\">Voluntariado a largo plazo<\/h2>\t\t\t\t<\/div>\n\t\t\t\t<\/div>\n\t\t\t\t<div class=\"elementor-element elementor-element-f473ad2 elementor-widget elementor-widget-text-editor\" data-id=\"f473ad2\" data-element_type=\"widget\" data-widget_type=\"text-editor.default\">\n\t\t\t\t<div class=\"elementor-widget-container\">\n\t\t\t\t\t\t\t\t\t<p data-pm-slice=\"0 0 []\">Convi\u00e9rtete en voluntario a largo plazo en Wisdom Forest y sum\u00e9rgete en la belleza de la Amazon\u00eda mientras generas un impacto significativo. Nuestro programa de voluntariado te ofrece la oportunidad de desarrollar nuevas habilidades, contribuir a proyectos comunitarios y ambientales, y crecer personalmente en un entorno sereno y natural.<\/p><p>\u00a0<\/p><p>El voluntariado en Wisdom Forest es una oportunidad para aprender, crecer y contribuir a un futuro sostenible y positivo. A cambio de 7 horas de trabajo diarias, recibir\u00e1s alojamiento y comida completos, adem\u00e1s de la oportunidad de participar en las actividades de los retiros*. Tambi\u00e9n disfrutar\u00e1s de 2 d\u00edas libres a la semana, con la oportunidad de explorar r\u00edos, cascadas y otros parajes naturales de la zona.<\/p>\t\t\t\t\t\t\t\t<\/div>\n\t\t\t\t<\/div>\n\t\t\t\t\t<\/div>\n\t\t\t\t<\/div>\n\t\t<div data-particle_enable=\"false\" data-particle-mobile-disabled=\"false\" class=\"elementor-element elementor-element-3db15de e-flex e-con-boxed e-con e-parent\" data-id=\"3db15de\" data-element_type=\"container\">\n\t\t\t\t\t<div class=\"e-con-inner\">\n\t\t\t\t<div class=\"elementor-element elementor-element-13963d3 elementor-widget elementor-widget-heading\" data-id=\"13963d3\" data-element_type=\"widget\" data-widget_type=\"heading.default\">\n\t\t\t\t<div class=\"elementor-widget-container\">\n\t\t\t\t\t<h2 class=\"elementor-heading-title elementor-size-default\">Reflejos<\/h2>\t\t\t\t<\/div>\n\t\t\t\t<\/div>\n\t\t\t\t\t<\/div>\n\t\t\t\t<\/div>\n\t\t<div data-particle_enable=\"false\" data-particle-mobile-disabled=\"false\" class=\"elementor-element elementor-element-7d4c0c9 e-flex e-con-boxed e-con e-parent\" data-id=\"7d4c0c9\" data-element_type=\"container\">\n\t\t\t\t\t<div class=\"e-con-inner\">\n\t\t<div data-particle_enable=\"false\" data-particle-mobile-disabled=\"false\" class=\"elementor-element elementor-element-e4bf666 e-con-full e-flex e-con e-child\" data-id=\"e4bf666\" data-element_type=\"container\">\n\t\t\t\t<div class=\"elementor-element elementor-element-7e6d0da elementor-widget elementor-widget-text-editor\" data-id=\"7e6d0da\" data-element_type=\"widget\" data-widget_type=\"text-editor.default\">\n\t\t\t\t<div class=\"elementor-widget-container\">\n\t\t\t\t\t\t\t\t\t<ul><li style=\"font-weight: 400;\" aria-level=\"1\"><strong>Obtenga experiencia pr\u00e1ctica<\/strong> en \u00e1reas como la agricultura sostenible, el bienestar y la extensi\u00f3n comunitaria.<\/li><li style=\"font-weight: 400;\" aria-level=\"1\"><strong>Con\u00e9ctate profundamente con la naturaleza<\/strong> En el coraz\u00f3n de la selva amaz\u00f3nica.<\/li><\/ul>\t\t\t\t\t\t\t\t<\/div>\n\t\t\t\t<\/div>\n\t\t\t\t<\/div>\n\t\t<div data-particle_enable=\"false\" data-particle-mobile-disabled=\"false\" class=\"elementor-element elementor-element-440c47b e-con-full e-flex e-con e-child\" data-id=\"440c47b\" data-element_type=\"container\">\n\t\t\t\t<div class=\"elementor-element elementor-element-ef91401 elementor-widget elementor-widget-text-editor\" data-id=\"ef91401\" data-element_type=\"widget\" data-widget_type=\"text-editor.default\">\n\t\t\t\t<div class=\"elementor-widget-container\">\n\t\t\t\t\t\t\t\t\t<ul><li style=\"font-weight: 400;\" aria-level=\"1\"><b>Generar un impacto positivo<\/b><span style=\"font-weight: 400;\"> sobre las comunidades locales y los esfuerzos de conservaci\u00f3n del medio ambiente.<\/span><\/li><li style=\"font-weight: 400;\" aria-level=\"1\"><b>Mejora tu bienestar<\/b><span> A trav\u00e9s del yoga, la atenci\u00f3n plena y las pr\u00e1cticas hol\u00edsticas.<\/span><\/li><\/ul>\t\t\t\t\t\t\t\t<\/div>\n\t\t\t\t<\/div>\n\t\t\t\t<\/div>\n\t\t\t\t\t<\/div>\n\t\t\t\t<\/div>\n\t\t<div data-particle_enable=\"false\" data-particle-mobile-disabled=\"false\" class=\"elementor-element elementor-element-81fb2b2 e-flex e-con-boxed e-con e-parent\" data-id=\"81fb2b2\" data-element_type=\"container\">\n\t\t\t\t\t<div class=\"e-con-inner\">\n\t\t\t\t<div class=\"elementor-element elementor-element-b3ec52c elementor-widget elementor-widget-text-editor\" data-id=\"b3ec52c\" data-element_type=\"widget\" data-widget_type=\"text-editor.default\">\n\t\t\t\t<div class=\"elementor-widget-container\">\n\t\t\t\t\t\t\t\t\t<p><strong>OPORTUNIDADES ACTUALES<\/strong><\/p><p>\u00a0<\/p><p><strong>Gerente de redes sociales<\/strong><br \/>\u00a1\u00danete a nuestro equipo como Voluntario de Redes Sociales y ay\u00fadanos a difundir nuestra misi\u00f3n, eventos y novedades! Como Voluntario de Redes Sociales, ser\u00e1s responsable de crear, seleccionar y programar publicaciones en diversas plataformas como Facebook, Instagram, Twitter y m\u00e1s. Tu funci\u00f3n tambi\u00e9n incluir\u00e1 interactuar con tus seguidores, responder a los mensajes y monitorear las m\u00e9tricas de redes sociales para medir el \u00e9xito. Si te apasiona contar historias, crear contenido atractivo y desarrollar comunidades en l\u00ednea, este es el puesto ideal para ti.<br \/>Compromiso m\u00ednimo: 5 meses con posibilidad de extenderlo a 1 a\u00f1o.<\/p><p>\u00a0<\/p><p><strong>Coordinador de extensi\u00f3n comunitaria<\/strong><br \/>\u00bfTe apasiona conectar y generar un cambio positivo en tu comunidad? Como Voluntario\/a de Coordinador\/a de Alcance Comunitario\/a, ser\u00e1s clave para forjar alianzas con organizaciones, empresas y personas locales para promover nuestra misi\u00f3n. Tus responsabilidades incluir\u00e1n la planificaci\u00f3n y organizaci\u00f3n de eventos comunitarios, actividades de alcance comunitario y el desarrollo de relaciones duraderas. Este puesto es perfecto para alguien a quien le guste trabajar con personas y tenga s\u00f3lidas habilidades de organizaci\u00f3n y comunicaci\u00f3n.<br \/>Compromiso m\u00ednimo: 5 meses con posibilidad de extenderlo a 1 a\u00f1o.<\/p><p>\u00a0<\/p><p><strong>Chef vegetariano\/vegano<\/strong><br \/>Si te apasiona la cocina y disfrutas compartiendo deliciosas comidas vegetarianas o veganas, nos encantar\u00eda que te unieras a nuestro equipo como Chef Voluntario. En este puesto, ser\u00e1s responsable de preparar y servir comidas para eventos, programas y reuniones comunitarias. Trabajar\u00e1s en estrecha colaboraci\u00f3n con nuestro equipo para crear comidas nutritivas y sabrosas, y tambi\u00e9n podr\u00e1s ayudar en la planificaci\u00f3n de comidas, la preparaci\u00f3n de alimentos y la gesti\u00f3n de suministros. Si tienes talento para cocinar y disfrutas trabajando en equipo, esta oportunidad te permitir\u00e1 generar un impacto significativo.<br \/>Compromiso m\u00ednimo: 5 meses con posibilidad de extenderlo a 1 a\u00f1o.<\/p><p>\u00a0<\/p><p><strong>Jardinero y permacultor<\/strong><br \/>\u00bfTienes experiencia en jardiner\u00eda, agricultura sostenible o permacultura? Buscamos un jardinero\/experto en permacultura apasionado y capacitado para ayudarnos a cultivar y mantener jardines sostenibles. Ayudar\u00e1s a dise\u00f1ar y plantar huertos comestibles, a mantener la salud del suelo y a garantizar que nuestras iniciativas de jardiner\u00eda sean ambientalmente sostenibles. Tu experiencia contribuir\u00e1 a una comunidad m\u00e1s verde y saludable, y tendr\u00e1s la oportunidad de compartir conocimientos y guiar a otros voluntarios.<br \/>Compromiso m\u00ednimo: 5 meses con posibilidad de extenderlo a 1 a\u00f1o.<\/p>\t\t\t\t\t\t\t\t<\/div>\n\t\t\t\t<\/div>\n\t\t\t\t\t<\/div>\n\t\t\t\t<\/div>\n\t\t<div data-particle_enable=\"false\" data-particle-mobile-disabled=\"false\" class=\"elementor-element elementor-element-3c1aeb6 e-con-full e-flex e-con e-parent\" data-id=\"3c1aeb6\" data-element_type=\"container\" data-settings=\"{&quot;background_background&quot;:&quot;classic&quot;}\">\n\t\t\t\t<div class=\"elementor-element elementor-element-ad9e09f elementor-widget elementor-widget-text-editor\" data-id=\"ad9e09f\" data-element_type=\"widget\" data-widget_type=\"text-editor.default\">\n\t\t\t\t<div class=\"elementor-widget-container\">\n\t\t\t\t\t\t\t\t\t<p class=\"\" data-start=\"2020\" data-end=\"2113\">Have any questions?<\/p>\t\t\t\t\t\t\t\t<\/div>\n\t\t\t\t<\/div>\n\t\t\t\t<div class=\"elementor-element elementor-element-9ee59c1 elementor-align-center elementor-widget elementor-widget-button\" data-id=\"9ee59c1\" data-element_type=\"widget\" data-widget_type=\"button.default\">\n\t\t\t\t<div class=\"elementor-widget-container\">\n\t\t\t\t\t\t\t\t\t<div class=\"elementor-button-wrapper\">\n\t\t\t\t\t<a class=\"elementor-button elementor-button-link elementor-size-sm elementor-animation-grow\" href=\"https:\/\/wa.link\/i27ck9\">\n\t\t\t\t\t\t<span class=\"elementor-button-content-wrapper\">\n\t\t\t\t\t\t\t\t\t<span class=\"elementor-button-text\"> \u2015 Contact us<\/span>\n\t\t\t\t\t<\/span>\n\t\t\t\t\t<\/a>\n\t\t\t\t<\/div>\n\t\t\t\t\t\t\t\t<\/div>\n\t\t\t\t<\/div>\n\t\t\t\t<\/div>\n\t\t\t\t<\/div>","protected":false},"excerpt":{"rendered":"<p>Long Term Volunteering Become a long-term volunteer at Wisdom Forest and immerse yourself in the beauty of the Amazon while making a meaningful impact. Our volunteer program offers the chance to develop new skills, contribute to community and environmental projects, and experience personal growth in a serene, nature-filled setting. \u00a0 Volunteering at Wisdom Forest is [&hellip;]<\/p>","protected":false},"author":1,"featured_media":0,"parent":0,"menu_order":0,"comment_status":"closed","ping_status":"closed","template":"","meta":{"iawp_total_views":196,"footnotes":""},"class_list":["post-5127","page","type-page","status-publish","hentry"],"yoast_head":"<!-- This site is optimized with the Yoast SEO plugin v26.0 - https:\/\/yoast.com\/wordpress\/plugins\/seo\/ -->\n<title>Long-Term Volunteering - Wisdom Forest<\/title>\n<meta name=\"robots\" content=\"index, follow, max-snippet:-1, max-image-preview:large, max-video-preview:-1\" \/>\n<link rel=\"canonical\" href=\"https:\/\/wisdomforest.org\/es\/long-term-volunteering\/\" \/>\n<meta property=\"og:locale\" content=\"es_ES\" \/>\n<meta property=\"og:type\" content=\"article\" \/>\n<meta property=\"og:title\" content=\"Long-Term Volunteering - Wisdom Forest\" \/>\n<meta property=\"og:description\" content=\"Long Term Volunteering Become a long-term volunteer at Wisdom Forest and immerse yourself in the beauty of the Amazon while making a meaningful impact. Our volunteer program offers the chance to develop new skills, contribute to community and environmental projects, and experience personal growth in a serene, nature-filled setting. \u00a0 Volunteering at Wisdom Forest is [&hellip;]\" \/>\n<meta property=\"og:url\" content=\"https:\/\/wisdomforest.org\/es\/long-term-volunteering\/\" \/>\n<meta property=\"og:site_name\" content=\"Wisdom Forest\" \/>\n<meta property=\"article:publisher\" content=\"https:\/\/www.facebook.com\/wisdomforestecuador\" \/>\n<meta property=\"article:modified_time\" content=\"2025-10-14T18:35:47+00:00\" \/>\n<meta name=\"twitter:card\" content=\"summary_large_image\" \/>\n<meta name=\"twitter:label1\" content=\"Tiempo de lectura\" \/>\n\t<meta name=\"twitter:data1\" content=\"3 minutos\" \/>\n<script type=\"application\/ld+json\" class=\"yoast-schema-graph\">{\"@context\":\"https:\/\/schema.org\",\"@graph\":[{\"@type\":\"WebPage\",\"@id\":\"https:\/\/wisdomforest.org\/long-term-volunteering\/\",\"url\":\"https:\/\/wisdomforest.org\/long-term-volunteering\/\",\"name\":\"Long-Term Volunteering - Wisdom Forest\",\"isPartOf\":{\"@id\":\"https:\/\/wisdomforest.org\/#website\"},\"datePublished\":\"2025-03-14T17:40:15+00:00\",\"dateModified\":\"2025-10-14T18:35:47+00:00\",\"breadcrumb\":{\"@id\":\"https:\/\/wisdomforest.org\/long-term-volunteering\/#breadcrumb\"},\"inLanguage\":\"es\",\"potentialAction\":[{\"@type\":\"ReadAction\",\"target\":[\"https:\/\/wisdomforest.org\/long-term-volunteering\/\"]}]},{\"@type\":\"BreadcrumbList\",\"@id\":\"https:\/\/wisdomforest.org\/long-term-volunteering\/#breadcrumb\",\"itemListElement\":[{\"@type\":\"ListItem\",\"position\":1,\"name\":\"Portada\",\"item\":\"https:\/\/wisdomforest.org\/\"},{\"@type\":\"ListItem\",\"position\":2,\"name\":\"Long-Term Volunteering\"}]},{\"@type\":\"WebSite\",\"@id\":\"https:\/\/wisdomforest.org\/#website\",\"url\":\"https:\/\/wisdomforest.org\/\",\"name\":\"Wisdom Forest Ecuador\",\"description\":\"\",\"publisher\":{\"@id\":\"https:\/\/wisdomforest.org\/#organization\"},\"potentialAction\":[{\"@type\":\"SearchAction\",\"target\":{\"@type\":\"EntryPoint\",\"urlTemplate\":\"https:\/\/wisdomforest.org\/?s={search_term_string}\"},\"query-input\":{\"@type\":\"PropertyValueSpecification\",\"valueRequired\":true,\"valueName\":\"search_term_string\"}}],\"inLanguage\":\"es\"},{\"@type\":\"Organization\",\"@id\":\"https:\/\/wisdomforest.org\/#organization\",\"name\":\"Wisdom Forest Lodge\",\"url\":\"https:\/\/wisdomforest.org\/\",\"logo\":{\"@type\":\"ImageObject\",\"inLanguage\":\"es\",\"@id\":\"https:\/\/wisdomforest.org\/#\/schema\/logo\/image\/\",\"url\":\"https:\/\/wisdomforest.org\/wp-content\/uploads\/2024\/09\/Wisdom-Forest-Logo-negro-10.png\",\"contentUrl\":\"https:\/\/wisdomforest.org\/wp-content\/uploads\/2024\/09\/Wisdom-Forest-Logo-negro-10.png\",\"width\":2214,\"height\":1975,\"caption\":\"Wisdom Forest Lodge\"},\"image\":{\"@id\":\"https:\/\/wisdomforest.org\/#\/schema\/logo\/image\/\"},\"sameAs\":[\"https:\/\/www.facebook.com\/wisdomforestecuador\",\"https:\/\/www.instagram.com\/wisdomforestecuador\/\"]}]}<\/script>\n<!-- \/ Yoast SEO plugin. -->","yoast_head_json":{"title":"Long-Term Volunteering - Wisdom Forest","robots":{"index":"index","follow":"follow","max-snippet":"max-snippet:-1","max-image-preview":"max-image-preview:large","max-video-preview":"max-video-preview:-1"},"canonical":"https:\/\/wisdomforest.org\/es\/long-term-volunteering\/","og_locale":"es_ES","og_type":"article","og_title":"Long-Term Volunteering - Wisdom Forest","og_description":"Long Term Volunteering Become a long-term volunteer at Wisdom Forest and immerse yourself in the beauty of the Amazon while making a meaningful impact. Our volunteer program offers the chance to develop new skills, contribute to community and environmental projects, and experience personal growth in a serene, nature-filled setting. \u00a0 Volunteering at Wisdom Forest is [&hellip;]","og_url":"https:\/\/wisdomforest.org\/es\/long-term-volunteering\/","og_site_name":"Wisdom Forest","article_publisher":"https:\/\/www.facebook.com\/wisdomforestecuador","article_modified_time":"2025-10-14T18:35:47+00:00","twitter_card":"summary_large_image","twitter_misc":{"Tiempo de lectura":"3 minutos"},"schema":{"@context":"https:\/\/schema.org","@graph":[{"@type":"WebPage","@id":"https:\/\/wisdomforest.org\/long-term-volunteering\/","url":"https:\/\/wisdomforest.org\/long-term-volunteering\/","name":"Long-Term Volunteering - Wisdom Forest","isPartOf":{"@id":"https:\/\/wisdomforest.org\/#website"},"datePublished":"2025-03-14T17:40:15+00:00","dateModified":"2025-10-14T18:35:47+00:00","breadcrumb":{"@id":"https:\/\/wisdomforest.org\/long-term-volunteering\/#breadcrumb"},"inLanguage":"es","potentialAction":[{"@type":"ReadAction","target":["https:\/\/wisdomforest.org\/long-term-volunteering\/"]}]},{"@type":"BreadcrumbList","@id":"https:\/\/wisdomforest.org\/long-term-volunteering\/#breadcrumb","itemListElement":[{"@type":"ListItem","position":1,"name":"Portada","item":"https:\/\/wisdomforest.org\/"},{"@type":"ListItem","position":2,"name":"Long-Term Volunteering"}]},{"@type":"WebSite","@id":"https:\/\/wisdomforest.org\/#website","url":"https:\/\/wisdomforest.org\/","name":"Wisdom Forest Ecuador","description":"","publisher":{"@id":"https:\/\/wisdomforest.org\/#organization"},"potentialAction":[{"@type":"SearchAction","target":{"@type":"EntryPoint","urlTemplate":"https:\/\/wisdomforest.org\/?s={search_term_string}"},"query-input":{"@type":"PropertyValueSpecification","valueRequired":true,"valueName":"search_term_string"}}],"inLanguage":"es"},{"@type":"Organization","@id":"https:\/\/wisdomforest.org\/#organization","name":"Caba\u00f1a del Bosque de la Sabidur\u00eda","url":"https:\/\/wisdomforest.org\/","logo":{"@type":"ImageObject","inLanguage":"es","@id":"https:\/\/wisdomforest.org\/#\/schema\/logo\/image\/","url":"https:\/\/wisdomforest.org\/wp-content\/uploads\/2024\/09\/Wisdom-Forest-Logo-negro-10.png","contentUrl":"https:\/\/wisdomforest.org\/wp-content\/uploads\/2024\/09\/Wisdom-Forest-Logo-negro-10.png","width":2214,"height":1975,"caption":"Wisdom Forest Lodge"},"image":{"@id":"https:\/\/wisdomforest.org\/#\/schema\/logo\/image\/"},"sameAs":["https:\/\/www.facebook.com\/wisdomforestecuador","https:\/\/www.instagram.com\/wisdomforestecuador\/"]}]}},"jetpack_sharing_enabled":true,"_links":{"self":[{"href":"https:\/\/wisdomforest.org\/es\/wp-json\/wp\/v2\/pages\/5127","targetHints":{"allow":["GET"]}}],"collection":[{"href":"https:\/\/wisdomforest.org\/es\/wp-json\/wp\/v2\/pages"}],"about":[{"href":"https:\/\/wisdomforest.org\/es\/wp-json\/wp\/v2\/types\/page"}],"author":[{"embeddable":true,"href":"https:\/\/wisdomforest.org\/es\/wp-json\/wp\/v2\/users\/1"}],"replies":[{"embeddable":true,"href":"https:\/\/wisdomforest.org\/es\/wp-json\/wp\/v2\/comments?post=5127"}],"version-history":[{"count":0,"href":"https:\/\/wisdomforest.org\/es\/wp-json\/wp\/v2\/pages\/5127\/revisions"}],"wp:attachment":[{"href":"https:\/\/wisdomforest.org\/es\/wp-json\/wp\/v2\/media?parent=5127"}],"curies":[{"name":"wp","href":"https:\/\/api.w.org\/{rel}","templated":true}]}}