{"id":5148,"date":"2025-03-14T13:10:05","date_gmt":"2025-03-14T18:10:05","guid":{"rendered":"https:\/\/wisdomforest.org\/?page_id=5148"},"modified":"2025-10-14T13:44:55","modified_gmt":"2025-10-14T18:44:55","slug":"short-term-volunteering","status":"publish","type":"page","link":"https:\/\/wisdomforest.org\/es\/short-term-volunteering\/","title":{"rendered":"Voluntariado de corto plazo"},"content":{"rendered":"<div data-elementor-type=\"wp-page\" data-elementor-id=\"5148\" class=\"elementor elementor-5148\" data-elementor-post-type=\"page\">\n\t\t\t\t<div data-particle_enable=\"false\" data-particle-mobile-disabled=\"false\" class=\"elementor-element elementor-element-fb1cc98 e-flex e-con-boxed e-con e-parent\" data-id=\"fb1cc98\" data-element_type=\"container\" data-settings=\"{&quot;background_background&quot;:&quot;classic&quot;}\">\n\t\t\t\t\t<div class=\"e-con-inner\">\n\t\t\t\t<div class=\"elementor-element elementor-element-6d93a5e elementor-widget elementor-widget-heading\" data-id=\"6d93a5e\" data-element_type=\"widget\" data-widget_type=\"heading.default\">\n\t\t\t\t<div class=\"elementor-widget-container\">\n\t\t\t\t\t<h2 class=\"elementor-heading-title elementor-size-default\">Voluntariado transformador a corto plazo en Wisdom Forest<\/h2>\t\t\t\t<\/div>\n\t\t\t\t<\/div>\n\t\t\t\t\t<\/div>\n\t\t\t\t<\/div>\n\t\t<div data-particle_enable=\"false\" data-particle-mobile-disabled=\"false\" class=\"elementor-element elementor-element-c644442 e-flex e-con-boxed e-con e-parent\" data-id=\"c644442\" data-element_type=\"container\" data-settings=\"{&quot;background_background&quot;:&quot;classic&quot;}\">\n\t\t\t\t\t<div class=\"e-con-inner\">\n\t\t\t\t<div class=\"elementor-element elementor-element-f832421 elementor-widget elementor-widget-text-editor\" data-id=\"f832421\" data-element_type=\"widget\" data-widget_type=\"text-editor.default\">\n\t\t\t\t<div class=\"elementor-widget-container\">\n\t\t\t\t\t\t\t\t\t<p>En Wisdom Forest, ofrecemos una oportunidad \u00fanica de unirse a nuestro <a style=\"font-weight: 500; color: black; text-decoration: underline;\" href=\"https:\/\/wisdomforest.org\/wisdom-forest-retreat\/\" target=\"_blank\" rel=\"noopener\">Retiro de Sabidur\u00eda Sagrada<\/a><\/p><p>\u00a0<\/p><p>Se celebran en fechas especiales durante todo el a\u00f1o, contribuyendo como voluntario a corto plazo. A cambio de ayudar a mantener el espacio de retiro y el bosque de alimentos, tendr\u00e1s acceso exclusivo a experiencias transformadoras, como Bhakti Yoga, meditaci\u00f3n con mantras, aventuras en cascadas, un taller de elaboraci\u00f3n de chocolate, terapia de sonido y una ceremonia en la caba\u00f1a del sudor. Tambi\u00e9n disfrutar\u00e1s de una desintoxicaci\u00f3n digital de 7 d\u00edas, desconect\u00e1ndote de las distracciones para reconectarte verdaderamente contigo mismo y con la naturaleza. Los voluntarios reciben todos los beneficios del retiro. <em>con exclusi\u00f3n de<\/em> las charlas ayurv\u00e9dicas, que tienen lugar durante las horas de servicio.<\/p><p>\u00a0<\/p><p>El programa completo de voluntariado abarca <strong>12 noches y 11 d\u00edas<\/strong>Comienza con la llegada un mi\u00e9rcoles. Combina cuatro d\u00edas de preparaci\u00f3n din\u00e1mica e intercambio cultural con siete d\u00edas transformadores inmersos en el Retiro de Sabidur\u00eda Sagrada.<\/p>\t\t\t\t\t\t\t\t<\/div>\n\t\t\t\t<\/div>\n\t\t\t\t\t<\/div>\n\t\t\t\t<\/div>\n\t\t<div data-particle_enable=\"false\" data-particle-mobile-disabled=\"false\" class=\"elementor-element elementor-element-e46ccf9 e-flex e-con-boxed e-con e-parent\" data-id=\"e46ccf9\" data-element_type=\"container\">\n\t\t\t\t\t<div class=\"e-con-inner\">\n\t\t\t\t<div class=\"elementor-element elementor-element-c21cf5c elementor-widget elementor-widget-text-editor\" data-id=\"c21cf5c\" data-element_type=\"widget\" data-widget_type=\"text-editor.default\">\n\t\t\t\t<div class=\"elementor-widget-container\">\n\t\t\t\t\t\t\t\t\t<p>Apoyando el retiro<\/p>\t\t\t\t\t\t\t\t<\/div>\n\t\t\t\t<\/div>\n\t\t\t\t<div class=\"elementor-element elementor-element-cc5d9da elementor-widget elementor-widget-text-editor\" data-id=\"cc5d9da\" data-element_type=\"widget\" data-widget_type=\"text-editor.default\">\n\t\t\t\t<div class=\"elementor-widget-container\">\n\t\t\t\t\t\t\t\t\t<p>Una vez que comienza el retiro, los voluntarios contin\u00faan su servicio, ayudando a mantener el flujo fluido de la experiencia a trav\u00e9s del trabajo en la tierra, el apoyo en la cocina, la limpieza y el cuidado del entorno del retiro, lo que permite a los participantes sumergirse por completo en su viaje.<\/p><p>\u00a0<\/p><p>Disfrute de este viaje que cambiar\u00e1 su vida con una contribuci\u00f3n especial, convirti\u00e9ndolo en una experiencia verdaderamente transformadora y accesible que permanecer\u00e1 con usted mucho despu\u00e9s de que finalice el retiro.<\/p><p>\u00a0<\/p><p>Para obtener m\u00e1s detalles sobre esta oportunidad, consulte nuestro PDF de Voluntariado Sagrado.<\/p>\t\t\t\t\t\t\t\t<\/div>\n\t\t\t\t<\/div>\n\t\t\t\t\t<\/div>\n\t\t\t\t<\/div>\n\t\t<div data-particle_enable=\"false\" data-particle-mobile-disabled=\"false\" class=\"elementor-element elementor-element-207e103 e-flex e-con-boxed e-con e-parent\" data-id=\"207e103\" data-element_type=\"container\" data-settings=\"{&quot;background_background&quot;:&quot;classic&quot;}\">\n\t\t\t\t\t<div class=\"e-con-inner\">\n\t\t\t\t<div class=\"elementor-element elementor-element-9d79b83 elementor-widget elementor-widget-heading\" data-id=\"9d79b83\" data-element_type=\"widget\" data-widget_type=\"heading.default\">\n\t\t\t\t<div class=\"elementor-widget-container\">\n\t\t\t\t\t<h2 class=\"elementor-heading-title elementor-size-default\"><a href=\"https:\/\/drive.google.com\/file\/d\/1ZKw4XjSrCLlCQVbLAcWuplLSE1qCqhU3\/view?usp=sharing\" target=\"_blank\"> \u2015   Sacred Volunteering  PDF<\/a><\/h2>\t\t\t\t<\/div>\n\t\t\t\t<\/div>\n\t\t\t\t\t<\/div>\n\t\t\t\t<\/div>\n\t\t<div data-particle_enable=\"false\" data-particle-mobile-disabled=\"false\" class=\"elementor-element elementor-element-1e5dd92 e-con-full e-flex e-con e-parent\" data-id=\"1e5dd92\" data-element_type=\"container\" data-settings=\"{&quot;background_background&quot;:&quot;classic&quot;}\">\n\t\t\t\t<div class=\"elementor-element elementor-element-a949c33 elementor-widget elementor-widget-text-editor\" data-id=\"a949c33\" data-element_type=\"widget\" data-widget_type=\"text-editor.default\">\n\t\t\t\t<div class=\"elementor-widget-container\">\n\t\t\t\t\t\t\t\t\t<p class=\"\" data-start=\"2020\" data-end=\"2113\">Have any questions?<\/p>\t\t\t\t\t\t\t\t<\/div>\n\t\t\t\t<\/div>\n\t\t\t\t<div class=\"elementor-element elementor-element-e85d14d elementor-align-center elementor-widget elementor-widget-button\" data-id=\"e85d14d\" data-element_type=\"widget\" data-widget_type=\"button.default\">\n\t\t\t\t<div class=\"elementor-widget-container\">\n\t\t\t\t\t\t\t\t\t<div class=\"elementor-button-wrapper\">\n\t\t\t\t\t<a class=\"elementor-button elementor-button-link elementor-size-sm elementor-animation-grow\" href=\"https:\/\/wa.link\/i27ck9\">\n\t\t\t\t\t\t<span class=\"elementor-button-content-wrapper\">\n\t\t\t\t\t\t\t\t\t<span class=\"elementor-button-text\"> \u2015 Contact us<\/span>\n\t\t\t\t\t<\/span>\n\t\t\t\t\t<\/a>\n\t\t\t\t<\/div>\n\t\t\t\t\t\t\t\t<\/div>\n\t\t\t\t<\/div>\n\t\t\t\t<\/div>\n\t\t\t\t<\/div>","protected":false},"excerpt":{"rendered":"<p>Transformative Short-Term Volunteering at Wisdom Forest At Wisdom Forest, we offer a unique opportunity to join our Sacred Wisdom Retreat \u00a0 held on special dates throughout the year, by contributing as a short-term volunteer. In exchange for helping maintain the retreat space and food forest, you&#8217;ll gain exclusive access to transformative experiences, including Bhakti Yoga, [&hellip;]<\/p>","protected":false},"author":1,"featured_media":0,"parent":0,"menu_order":0,"comment_status":"closed","ping_status":"closed","template":"","meta":{"iawp_total_views":280,"footnotes":""},"class_list":["post-5148","page","type-page","status-publish","hentry"],"yoast_head":"<!-- This site is optimized with the Yoast SEO plugin v26.0 - https:\/\/yoast.com\/wordpress\/plugins\/seo\/ -->\n<title>Short-Term Volunteering - Wisdom Forest<\/title>\n<meta name=\"robots\" content=\"index, follow, max-snippet:-1, max-image-preview:large, max-video-preview:-1\" \/>\n<link rel=\"canonical\" href=\"https:\/\/wisdomforest.org\/es\/short-term-volunteering\/\" \/>\n<meta property=\"og:locale\" content=\"es_ES\" \/>\n<meta property=\"og:type\" content=\"article\" \/>\n<meta property=\"og:title\" content=\"Short-Term Volunteering - Wisdom Forest\" \/>\n<meta property=\"og:description\" content=\"Transformative Short-Term Volunteering at Wisdom Forest At Wisdom Forest, we offer a unique opportunity to join our Sacred Wisdom Retreat \u00a0 held on special dates throughout the year, by contributing as a short-term volunteer. In exchange for helping maintain the retreat space and food forest, you&#8217;ll gain exclusive access to transformative experiences, including Bhakti Yoga, [&hellip;]\" \/>\n<meta property=\"og:url\" content=\"https:\/\/wisdomforest.org\/es\/short-term-volunteering\/\" \/>\n<meta property=\"og:site_name\" content=\"Wisdom Forest\" \/>\n<meta property=\"article:publisher\" content=\"https:\/\/www.facebook.com\/wisdomforestecuador\" \/>\n<meta property=\"article:modified_time\" content=\"2025-10-14T18:44:55+00:00\" \/>\n<meta name=\"twitter:card\" content=\"summary_large_image\" \/>\n<meta name=\"twitter:label1\" content=\"Tiempo de lectura\" \/>\n\t<meta name=\"twitter:data1\" content=\"2 minutos\" \/>\n<script type=\"application\/ld+json\" class=\"yoast-schema-graph\">{\"@context\":\"https:\/\/schema.org\",\"@graph\":[{\"@type\":\"WebPage\",\"@id\":\"https:\/\/wisdomforest.org\/short-term-volunteering\/\",\"url\":\"https:\/\/wisdomforest.org\/short-term-volunteering\/\",\"name\":\"Short-Term Volunteering - Wisdom Forest\",\"isPartOf\":{\"@id\":\"https:\/\/wisdomforest.org\/#website\"},\"datePublished\":\"2025-03-14T18:10:05+00:00\",\"dateModified\":\"2025-10-14T18:44:55+00:00\",\"breadcrumb\":{\"@id\":\"https:\/\/wisdomforest.org\/short-term-volunteering\/#breadcrumb\"},\"inLanguage\":\"es\",\"potentialAction\":[{\"@type\":\"ReadAction\",\"target\":[\"https:\/\/wisdomforest.org\/short-term-volunteering\/\"]}]},{\"@type\":\"BreadcrumbList\",\"@id\":\"https:\/\/wisdomforest.org\/short-term-volunteering\/#breadcrumb\",\"itemListElement\":[{\"@type\":\"ListItem\",\"position\":1,\"name\":\"Portada\",\"item\":\"https:\/\/wisdomforest.org\/\"},{\"@type\":\"ListItem\",\"position\":2,\"name\":\"Short-Term Volunteering\"}]},{\"@type\":\"WebSite\",\"@id\":\"https:\/\/wisdomforest.org\/#website\",\"url\":\"https:\/\/wisdomforest.org\/\",\"name\":\"Wisdom Forest Ecuador\",\"description\":\"\",\"publisher\":{\"@id\":\"https:\/\/wisdomforest.org\/#organization\"},\"potentialAction\":[{\"@type\":\"SearchAction\",\"target\":{\"@type\":\"EntryPoint\",\"urlTemplate\":\"https:\/\/wisdomforest.org\/?s={search_term_string}\"},\"query-input\":{\"@type\":\"PropertyValueSpecification\",\"valueRequired\":true,\"valueName\":\"search_term_string\"}}],\"inLanguage\":\"es\"},{\"@type\":\"Organization\",\"@id\":\"https:\/\/wisdomforest.org\/#organization\",\"name\":\"Wisdom Forest Lodge\",\"url\":\"https:\/\/wisdomforest.org\/\",\"logo\":{\"@type\":\"ImageObject\",\"inLanguage\":\"es\",\"@id\":\"https:\/\/wisdomforest.org\/#\/schema\/logo\/image\/\",\"url\":\"https:\/\/wisdomforest.org\/wp-content\/uploads\/2024\/09\/Wisdom-Forest-Logo-negro-10.png\",\"contentUrl\":\"https:\/\/wisdomforest.org\/wp-content\/uploads\/2024\/09\/Wisdom-Forest-Logo-negro-10.png\",\"width\":2214,\"height\":1975,\"caption\":\"Wisdom Forest Lodge\"},\"image\":{\"@id\":\"https:\/\/wisdomforest.org\/#\/schema\/logo\/image\/\"},\"sameAs\":[\"https:\/\/www.facebook.com\/wisdomforestecuador\",\"https:\/\/www.instagram.com\/wisdomforestecuador\/\"]}]}<\/script>\n<!-- \/ Yoast SEO plugin. -->","yoast_head_json":{"title":"Short-Term Volunteering - Wisdom Forest","robots":{"index":"index","follow":"follow","max-snippet":"max-snippet:-1","max-image-preview":"max-image-preview:large","max-video-preview":"max-video-preview:-1"},"canonical":"https:\/\/wisdomforest.org\/es\/short-term-volunteering\/","og_locale":"es_ES","og_type":"article","og_title":"Short-Term Volunteering - Wisdom Forest","og_description":"Transformative Short-Term Volunteering at Wisdom Forest At Wisdom Forest, we offer a unique opportunity to join our Sacred Wisdom Retreat \u00a0 held on special dates throughout the year, by contributing as a short-term volunteer. In exchange for helping maintain the retreat space and food forest, you&#8217;ll gain exclusive access to transformative experiences, including Bhakti Yoga, [&hellip;]","og_url":"https:\/\/wisdomforest.org\/es\/short-term-volunteering\/","og_site_name":"Wisdom Forest","article_publisher":"https:\/\/www.facebook.com\/wisdomforestecuador","article_modified_time":"2025-10-14T18:44:55+00:00","twitter_card":"summary_large_image","twitter_misc":{"Tiempo de lectura":"2 minutos"},"schema":{"@context":"https:\/\/schema.org","@graph":[{"@type":"WebPage","@id":"https:\/\/wisdomforest.org\/short-term-volunteering\/","url":"https:\/\/wisdomforest.org\/short-term-volunteering\/","name":"Short-Term Volunteering - Wisdom Forest","isPartOf":{"@id":"https:\/\/wisdomforest.org\/#website"},"datePublished":"2025-03-14T18:10:05+00:00","dateModified":"2025-10-14T18:44:55+00:00","breadcrumb":{"@id":"https:\/\/wisdomforest.org\/short-term-volunteering\/#breadcrumb"},"inLanguage":"es","potentialAction":[{"@type":"ReadAction","target":["https:\/\/wisdomforest.org\/short-term-volunteering\/"]}]},{"@type":"BreadcrumbList","@id":"https:\/\/wisdomforest.org\/short-term-volunteering\/#breadcrumb","itemListElement":[{"@type":"ListItem","position":1,"name":"Portada","item":"https:\/\/wisdomforest.org\/"},{"@type":"ListItem","position":2,"name":"Short-Term Volunteering"}]},{"@type":"WebSite","@id":"https:\/\/wisdomforest.org\/#website","url":"https:\/\/wisdomforest.org\/","name":"Wisdom Forest Ecuador","description":"","publisher":{"@id":"https:\/\/wisdomforest.org\/#organization"},"potentialAction":[{"@type":"SearchAction","target":{"@type":"EntryPoint","urlTemplate":"https:\/\/wisdomforest.org\/?s={search_term_string}"},"query-input":{"@type":"PropertyValueSpecification","valueRequired":true,"valueName":"search_term_string"}}],"inLanguage":"es"},{"@type":"Organization","@id":"https:\/\/wisdomforest.org\/#organization","name":"Caba\u00f1a del Bosque de la Sabidur\u00eda","url":"https:\/\/wisdomforest.org\/","logo":{"@type":"ImageObject","inLanguage":"es","@id":"https:\/\/wisdomforest.org\/#\/schema\/logo\/image\/","url":"https:\/\/wisdomforest.org\/wp-content\/uploads\/2024\/09\/Wisdom-Forest-Logo-negro-10.png","contentUrl":"https:\/\/wisdomforest.org\/wp-content\/uploads\/2024\/09\/Wisdom-Forest-Logo-negro-10.png","width":2214,"height":1975,"caption":"Wisdom Forest Lodge"},"image":{"@id":"https:\/\/wisdomforest.org\/#\/schema\/logo\/image\/"},"sameAs":["https:\/\/www.facebook.com\/wisdomforestecuador","https:\/\/www.instagram.com\/wisdomforestecuador\/"]}]}},"jetpack_sharing_enabled":true,"_links":{"self":[{"href":"https:\/\/wisdomforest.org\/es\/wp-json\/wp\/v2\/pages\/5148","targetHints":{"allow":["GET"]}}],"collection":[{"href":"https:\/\/wisdomforest.org\/es\/wp-json\/wp\/v2\/pages"}],"about":[{"href":"https:\/\/wisdomforest.org\/es\/wp-json\/wp\/v2\/types\/page"}],"author":[{"embeddable":true,"href":"https:\/\/wisdomforest.org\/es\/wp-json\/wp\/v2\/users\/1"}],"replies":[{"embeddable":true,"href":"https:\/\/wisdomforest.org\/es\/wp-json\/wp\/v2\/comments?post=5148"}],"version-history":[{"count":0,"href":"https:\/\/wisdomforest.org\/es\/wp-json\/wp\/v2\/pages\/5148\/revisions"}],"wp:attachment":[{"href":"https:\/\/wisdomforest.org\/es\/wp-json\/wp\/v2\/media?parent=5148"}],"curies":[{"name":"wp","href":"https:\/\/api.w.org\/{rel}","templated":true}]}}