{"id":7030,"date":"2025-05-02T12:42:27","date_gmt":"2025-05-02T17:42:27","guid":{"rendered":"https:\/\/wisdomforest.org\/?page_id=7030"},"modified":"2025-05-08T11:17:10","modified_gmt":"2025-05-08T16:17:10","slug":"latido-selvatico","status":"publish","type":"page","link":"https:\/\/wisdomforest.org\/es\/latido-selvatico\/","title":{"rendered":"Ladito Selvatico"},"content":{"rendered":"<div data-elementor-type=\"wp-page\" data-elementor-id=\"7030\" class=\"elementor elementor-7030\" data-elementor-post-type=\"page\">\n\t\t\t\t<div data-particle_enable=\"false\" data-particle-mobile-disabled=\"false\" class=\"elementor-element elementor-element-4a4cc94 e-con-full e-flex e-con e-parent\" data-id=\"4a4cc94\" data-element_type=\"container\" data-settings=\"{&quot;background_background&quot;:&quot;classic&quot;}\">\n\t\t\t\t<\/div>\n\t\t<div data-particle_enable=\"false\" data-particle-mobile-disabled=\"false\" class=\"elementor-element elementor-element-7e22667 e-con-full e-flex e-con e-parent\" data-id=\"7e22667\" data-element_type=\"container\" data-settings=\"{&quot;background_background&quot;:&quot;classic&quot;}\">\n\t\t\t\t<div class=\"elementor-element elementor-element-072c0a8 elementor-widget elementor-widget-heading\" data-id=\"072c0a8\" data-element_type=\"widget\" data-widget_type=\"heading.default\">\n\t\t\t\t<div class=\"elementor-widget-container\">\n\t\t\t\t\t<h2 class=\"elementor-heading-title elementor-size-default\">Latido Selv\u00e1tico \u2013 Retiro Amazonico<\/h2>\t\t\t\t<\/div>\n\t\t\t\t<\/div>\n\t\t<div data-particle_enable=\"false\" data-particle-mobile-disabled=\"false\" class=\"elementor-element elementor-element-6f635cf e-con-full e-flex e-con e-child\" data-id=\"6f635cf\" data-element_type=\"container\">\n\t\t\t\t<div class=\"elementor-element elementor-element-c0687bd elementor-widget elementor-widget-text-editor\" data-id=\"c0687bd\" data-element_type=\"widget\" data-widget_type=\"text-editor.default\">\n\t\t\t\t<div class=\"elementor-widget-container\">\n\t\t\t\t\t\t\t\t\t<p class=\"\" data-start=\"228\" data-end=\"359\">\ud83d\udcc5 <em data-start=\"313\" data-end=\"359\">16 al 21 de septiembre, Amazon\u00eda ecuatoriana<\/em><\/p><p class=\"\" data-start=\"361\" data-end=\"716\">En el coraz\u00f3n de la selva ecuatoriana, este retiro es un llamado profundo a reconectar con tu esencia a trav\u00e9s del silencio, el movimiento consciente y la sabidur\u00eda ancestral de las plantas.<br data-start=\"551\" data-end=\"554\" \/>Durante 6 d\u00edas vivir\u00e1s una experiencia integral con yoga, meditaci\u00f3n, herbolaria, rituales y ceremonias, en un entorno natural sagrado como lo es <em data-start=\"700\" data-end=\"715\">Wisdom Forest<\/em>.<\/p>\t\t\t\t\t\t\t\t<\/div>\n\t\t\t\t<\/div>\n\t\t\t\t<\/div>\n\t\t\t\t<\/div>\n\t\t<div data-particle_enable=\"false\" data-particle-mobile-disabled=\"false\" class=\"elementor-element elementor-element-d1a9f80 e-flex e-con-boxed e-con e-parent\" data-id=\"d1a9f80\" data-element_type=\"container\">\n\t\t\t\t\t<div class=\"e-con-inner\">\n\t\t\t\t<div class=\"elementor-element elementor-element-96f391e elementor-widget elementor-widget-text-editor\" data-id=\"96f391e\" data-element_type=\"widget\" data-widget_type=\"text-editor.default\">\n\t\t\t\t<div class=\"elementor-widget-container\">\n\t\t\t\t\t\t\t\t\t<p>Actividades y Servicios<\/p>\t\t\t\t\t\t\t\t<\/div>\n\t\t\t\t<\/div>\n\t\t<div data-particle_enable=\"false\" data-particle-mobile-disabled=\"false\" class=\"elementor-element elementor-element-ed84287 e-con-full e-flex e-con e-child\" data-id=\"ed84287\" data-element_type=\"container\">\n\t\t<div data-particle_enable=\"false\" data-particle-mobile-disabled=\"false\" class=\"elementor-element elementor-element-af07443 e-con-full e-flex e-con e-child\" data-id=\"af07443\" data-element_type=\"container\">\n\t\t\t\t<div class=\"elementor-element elementor-element-6e4ee25 elementor-widget elementor-widget-text-editor\" data-id=\"6e4ee25\" data-element_type=\"widget\" data-widget_type=\"text-editor.default\">\n\t\t\t\t<div class=\"elementor-widget-container\">\n\t\t\t\t\t\t\t\t\t<ul><li data-start=\"738\" data-end=\"776\">Alojamiento y alimentaci\u00f3n saludable<br \/><br \/><\/li><li class=\"\" data-start=\"777\" data-end=\"820\"><p class=\"\" data-start=\"779\" data-end=\"820\">Clases de yoga y meditaci\u00f3n (2 por d\u00eda)<\/p><\/li><li class=\"\" data-start=\"821\" data-end=\"868\"><p class=\"\" data-start=\"823\" data-end=\"868\">Talleres de herbolaria y remedios naturales<\/p><\/li><\/ul>\t\t\t\t\t\t\t\t<\/div>\n\t\t\t\t<\/div>\n\t\t\t\t<\/div>\n\t\t<div data-particle_enable=\"false\" data-particle-mobile-disabled=\"false\" class=\"elementor-element elementor-element-275befc e-con-full e-flex e-con e-child\" data-id=\"275befc\" data-element_type=\"container\">\n\t\t\t\t<div class=\"elementor-element elementor-element-d055973 elementor-widget elementor-widget-text-editor\" data-id=\"d055973\" data-element_type=\"widget\" data-widget_type=\"text-editor.default\">\n\t\t\t\t<div class=\"elementor-widget-container\">\n\t\t\t\t\t\t\t\t\t<ul><li data-start=\"871\" data-end=\"915\">Temazcal,sonoterapia y ceremonia de cacao<br \/><br \/><\/li><li data-start=\"918\" data-end=\"959\">Caminatas, visitas a lagunas y cascadas<br \/><br \/><\/li><li data-start=\"962\" data-end=\"999\">Transporte ida y vuelta desde Quito<\/li><\/ul>\t\t\t\t\t\t\t\t<\/div>\n\t\t\t\t<\/div>\n\t\t\t\t<\/div>\n\t\t\t\t<\/div>\n\t\t\t\t\t<\/div>\n\t\t\t\t<\/div>\n\t\t<div data-particle_enable=\"false\" data-particle-mobile-disabled=\"false\" class=\"elementor-element elementor-element-d4028ab e-flex e-con-boxed e-con e-parent\" data-id=\"d4028ab\" data-element_type=\"container\" data-settings=\"{&quot;background_background&quot;:&quot;classic&quot;}\">\n\t\t\t\t\t<div class=\"e-con-inner\">\n\t\t\t\t<div class=\"elementor-element elementor-element-8bd0625 elementor-widget elementor-widget-heading\" data-id=\"8bd0625\" data-element_type=\"widget\" data-widget_type=\"heading.default\">\n\t\t\t\t<div class=\"elementor-widget-container\">\n\t\t\t\t\t<h2 class=\"elementor-heading-title elementor-size-default\"><a href=\"https:\/\/drive.google.com\/file\/d\/1UMmFSuzzA_x6GI39Q4J18Is4MxuAFKQu\/view?usp=sharing\" target=\"_blank\"> \u2015  Ver toda la informaci\u00f3n del retiro<\/strong><\/a><\/h2>\t\t\t\t<\/div>\n\t\t\t\t<\/div>\n\t\t\t\t\t<\/div>\n\t\t\t\t<\/div>\n\t\t<div data-particle_enable=\"false\" data-particle-mobile-disabled=\"false\" class=\"elementor-element elementor-element-6d15a9d e-con-full e-flex e-con e-parent\" data-id=\"6d15a9d\" data-element_type=\"container\" data-settings=\"{&quot;background_background&quot;:&quot;classic&quot;}\">\n\t\t\t\t<div class=\"elementor-element elementor-element-a9938ef elementor-widget elementor-widget-heading\" data-id=\"a9938ef\" data-element_type=\"widget\" data-widget_type=\"heading.default\">\n\t\t\t\t<div class=\"elementor-widget-container\">\n\t\t\t\t\t<h2 class=\"elementor-heading-title elementor-size-default\">\ud83e\uddd8\u200d\u2642\ufe0f Abierto a todos los niveles de experiencia.\n<\/h2>\t\t\t\t<\/div>\n\t\t\t\t<\/div>\n\t\t\t\t<div class=\"elementor-element elementor-element-7a7774b elementor-widget elementor-widget-text-editor\" data-id=\"7a7774b\" data-element_type=\"widget\" data-widget_type=\"text-editor.default\">\n\t\t\t\t<div class=\"elementor-widget-container\">\n\t\t\t\t\t\t\t\t\t<p class=\"\" data-start=\"2020\" data-end=\"2113\">Las plazas son limitadas. Reserva tu lugar y comienza tu viaje hoy mismo.<\/p>\t\t\t\t\t\t\t\t<\/div>\n\t\t\t\t<\/div>\n\t\t\t\t<div class=\"elementor-element elementor-element-92ec0d9 elementor-align-center elementor-widget elementor-widget-button\" data-id=\"92ec0d9\" data-element_type=\"widget\" data-widget_type=\"button.default\">\n\t\t\t\t<div class=\"elementor-widget-container\">\n\t\t\t\t\t\t\t\t\t<div class=\"elementor-button-wrapper\">\n\t\t\t\t\t<a class=\"elementor-button elementor-button-link elementor-size-sm elementor-animation-grow\" href=\"https:\/\/wisdomforest.org\/accommodation\/munay\/\">\n\t\t\t\t\t\t<span class=\"elementor-button-content-wrapper\">\n\t\t\t\t\t\t\t\t\t<span class=\"elementor-button-text\"> \u2015 RESERVA  AHORA<\/span>\n\t\t\t\t\t<\/span>\n\t\t\t\t\t<\/a>\n\t\t\t\t<\/div>\n\t\t\t\t\t\t\t\t<\/div>\n\t\t\t\t<\/div>\n\t\t\t\t<\/div>\n\t\t\t\t<\/div>","protected":false},"excerpt":{"rendered":"<p>Latido Selv\u00e1tico \u2013 Retiro Amazonico \ud83d\udcc5 16 al 21 de septiembre, Amazon\u00eda ecuatoriana En el coraz\u00f3n de la selva ecuatoriana, este retiro es un llamado profundo a reconectar con tu esencia a trav\u00e9s del silencio, el movimiento consciente y la sabidur\u00eda ancestral de las plantas.Durante 6 d\u00edas vivir\u00e1s una experiencia integral con yoga, meditaci\u00f3n, herbolaria, [&hellip;]<\/p>","protected":false},"author":1,"featured_media":0,"parent":0,"menu_order":0,"comment_status":"closed","ping_status":"closed","template":"","meta":{"iawp_total_views":35,"footnotes":""},"class_list":["post-7030","page","type-page","status-publish","hentry"],"yoast_head":"<!-- This site is optimized with the Yoast SEO plugin v26.0 - https:\/\/yoast.com\/wordpress\/plugins\/seo\/ -->\n<title>Ladito Selvatico - Wisdom Forest<\/title>\n<meta name=\"robots\" content=\"index, follow, max-snippet:-1, max-image-preview:large, max-video-preview:-1\" \/>\n<link rel=\"canonical\" href=\"https:\/\/wisdomforest.org\/es\/latido-selvatico\/\" \/>\n<meta property=\"og:locale\" content=\"es_ES\" \/>\n<meta property=\"og:type\" content=\"article\" \/>\n<meta property=\"og:title\" content=\"Ladito Selvatico - Wisdom Forest\" \/>\n<meta property=\"og:description\" content=\"Latido Selv\u00e1tico \u2013 Retiro Amazonico \ud83d\udcc5 16 al 21 de septiembre, Amazon\u00eda ecuatoriana En el coraz\u00f3n de la selva ecuatoriana, este retiro es un llamado profundo a reconectar con tu esencia a trav\u00e9s del silencio, el movimiento consciente y la sabidur\u00eda ancestral de las plantas.Durante 6 d\u00edas vivir\u00e1s una experiencia integral con yoga, meditaci\u00f3n, herbolaria, [&hellip;]\" \/>\n<meta property=\"og:url\" content=\"https:\/\/wisdomforest.org\/es\/latido-selvatico\/\" \/>\n<meta property=\"og:site_name\" content=\"Wisdom Forest\" \/>\n<meta property=\"article:publisher\" content=\"https:\/\/www.facebook.com\/wisdomforestecuador\" \/>\n<meta property=\"article:modified_time\" content=\"2025-05-08T16:17:10+00:00\" \/>\n<meta name=\"twitter:card\" content=\"summary_large_image\" \/>\n<meta name=\"twitter:label1\" content=\"Tiempo de lectura\" \/>\n\t<meta name=\"twitter:data1\" content=\"1 minuto\" \/>\n<script type=\"application\/ld+json\" class=\"yoast-schema-graph\">{\"@context\":\"https:\/\/schema.org\",\"@graph\":[{\"@type\":\"WebPage\",\"@id\":\"https:\/\/wisdomforest.org\/latido-selvatico\/\",\"url\":\"https:\/\/wisdomforest.org\/latido-selvatico\/\",\"name\":\"Ladito Selvatico - Wisdom Forest\",\"isPartOf\":{\"@id\":\"https:\/\/wisdomforest.org\/#website\"},\"datePublished\":\"2025-05-02T17:42:27+00:00\",\"dateModified\":\"2025-05-08T16:17:10+00:00\",\"breadcrumb\":{\"@id\":\"https:\/\/wisdomforest.org\/latido-selvatico\/#breadcrumb\"},\"inLanguage\":\"es\",\"potentialAction\":[{\"@type\":\"ReadAction\",\"target\":[\"https:\/\/wisdomforest.org\/latido-selvatico\/\"]}]},{\"@type\":\"BreadcrumbList\",\"@id\":\"https:\/\/wisdomforest.org\/latido-selvatico\/#breadcrumb\",\"itemListElement\":[{\"@type\":\"ListItem\",\"position\":1,\"name\":\"Portada\",\"item\":\"https:\/\/wisdomforest.org\/\"},{\"@type\":\"ListItem\",\"position\":2,\"name\":\"Ladito Selvatico\"}]},{\"@type\":\"WebSite\",\"@id\":\"https:\/\/wisdomforest.org\/#website\",\"url\":\"https:\/\/wisdomforest.org\/\",\"name\":\"Wisdom Forest Ecuador\",\"description\":\"\",\"publisher\":{\"@id\":\"https:\/\/wisdomforest.org\/#organization\"},\"potentialAction\":[{\"@type\":\"SearchAction\",\"target\":{\"@type\":\"EntryPoint\",\"urlTemplate\":\"https:\/\/wisdomforest.org\/?s={search_term_string}\"},\"query-input\":{\"@type\":\"PropertyValueSpecification\",\"valueRequired\":true,\"valueName\":\"search_term_string\"}}],\"inLanguage\":\"es\"},{\"@type\":\"Organization\",\"@id\":\"https:\/\/wisdomforest.org\/#organization\",\"name\":\"Wisdom Forest Lodge\",\"url\":\"https:\/\/wisdomforest.org\/\",\"logo\":{\"@type\":\"ImageObject\",\"inLanguage\":\"es\",\"@id\":\"https:\/\/wisdomforest.org\/#\/schema\/logo\/image\/\",\"url\":\"https:\/\/wisdomforest.org\/wp-content\/uploads\/2024\/09\/Wisdom-Forest-Logo-negro-10.png\",\"contentUrl\":\"https:\/\/wisdomforest.org\/wp-content\/uploads\/2024\/09\/Wisdom-Forest-Logo-negro-10.png\",\"width\":2214,\"height\":1975,\"caption\":\"Wisdom Forest Lodge\"},\"image\":{\"@id\":\"https:\/\/wisdomforest.org\/#\/schema\/logo\/image\/\"},\"sameAs\":[\"https:\/\/www.facebook.com\/wisdomforestecuador\",\"https:\/\/www.instagram.com\/wisdomforestecuador\/\"]}]}<\/script>\n<!-- \/ Yoast SEO plugin. -->","yoast_head_json":{"title":"Ladito Selvatico - Wisdom Forest","robots":{"index":"index","follow":"follow","max-snippet":"max-snippet:-1","max-image-preview":"max-image-preview:large","max-video-preview":"max-video-preview:-1"},"canonical":"https:\/\/wisdomforest.org\/es\/latido-selvatico\/","og_locale":"es_ES","og_type":"article","og_title":"Ladito Selvatico - Wisdom Forest","og_description":"Latido Selv\u00e1tico \u2013 Retiro Amazonico \ud83d\udcc5 16 al 21 de septiembre, Amazon\u00eda ecuatoriana En el coraz\u00f3n de la selva ecuatoriana, este retiro es un llamado profundo a reconectar con tu esencia a trav\u00e9s del silencio, el movimiento consciente y la sabidur\u00eda ancestral de las plantas.Durante 6 d\u00edas vivir\u00e1s una experiencia integral con yoga, meditaci\u00f3n, herbolaria, [&hellip;]","og_url":"https:\/\/wisdomforest.org\/es\/latido-selvatico\/","og_site_name":"Wisdom Forest","article_publisher":"https:\/\/www.facebook.com\/wisdomforestecuador","article_modified_time":"2025-05-08T16:17:10+00:00","twitter_card":"summary_large_image","twitter_misc":{"Tiempo de lectura":"1 minuto"},"schema":{"@context":"https:\/\/schema.org","@graph":[{"@type":"WebPage","@id":"https:\/\/wisdomforest.org\/latido-selvatico\/","url":"https:\/\/wisdomforest.org\/latido-selvatico\/","name":"Ladito Selvatico - Wisdom Forest","isPartOf":{"@id":"https:\/\/wisdomforest.org\/#website"},"datePublished":"2025-05-02T17:42:27+00:00","dateModified":"2025-05-08T16:17:10+00:00","breadcrumb":{"@id":"https:\/\/wisdomforest.org\/latido-selvatico\/#breadcrumb"},"inLanguage":"es","potentialAction":[{"@type":"ReadAction","target":["https:\/\/wisdomforest.org\/latido-selvatico\/"]}]},{"@type":"BreadcrumbList","@id":"https:\/\/wisdomforest.org\/latido-selvatico\/#breadcrumb","itemListElement":[{"@type":"ListItem","position":1,"name":"Portada","item":"https:\/\/wisdomforest.org\/"},{"@type":"ListItem","position":2,"name":"Ladito Selvatico"}]},{"@type":"WebSite","@id":"https:\/\/wisdomforest.org\/#website","url":"https:\/\/wisdomforest.org\/","name":"Wisdom Forest Ecuador","description":"","publisher":{"@id":"https:\/\/wisdomforest.org\/#organization"},"potentialAction":[{"@type":"SearchAction","target":{"@type":"EntryPoint","urlTemplate":"https:\/\/wisdomforest.org\/?s={search_term_string}"},"query-input":{"@type":"PropertyValueSpecification","valueRequired":true,"valueName":"search_term_string"}}],"inLanguage":"es"},{"@type":"Organization","@id":"https:\/\/wisdomforest.org\/#organization","name":"Caba\u00f1a del Bosque de la Sabidur\u00eda","url":"https:\/\/wisdomforest.org\/","logo":{"@type":"ImageObject","inLanguage":"es","@id":"https:\/\/wisdomforest.org\/#\/schema\/logo\/image\/","url":"https:\/\/wisdomforest.org\/wp-content\/uploads\/2024\/09\/Wisdom-Forest-Logo-negro-10.png","contentUrl":"https:\/\/wisdomforest.org\/wp-content\/uploads\/2024\/09\/Wisdom-Forest-Logo-negro-10.png","width":2214,"height":1975,"caption":"Wisdom Forest Lodge"},"image":{"@id":"https:\/\/wisdomforest.org\/#\/schema\/logo\/image\/"},"sameAs":["https:\/\/www.facebook.com\/wisdomforestecuador","https:\/\/www.instagram.com\/wisdomforestecuador\/"]}]}},"jetpack_sharing_enabled":true,"_links":{"self":[{"href":"https:\/\/wisdomforest.org\/es\/wp-json\/wp\/v2\/pages\/7030","targetHints":{"allow":["GET"]}}],"collection":[{"href":"https:\/\/wisdomforest.org\/es\/wp-json\/wp\/v2\/pages"}],"about":[{"href":"https:\/\/wisdomforest.org\/es\/wp-json\/wp\/v2\/types\/page"}],"author":[{"embeddable":true,"href":"https:\/\/wisdomforest.org\/es\/wp-json\/wp\/v2\/users\/1"}],"replies":[{"embeddable":true,"href":"https:\/\/wisdomforest.org\/es\/wp-json\/wp\/v2\/comments?post=7030"}],"version-history":[{"count":0,"href":"https:\/\/wisdomforest.org\/es\/wp-json\/wp\/v2\/pages\/7030\/revisions"}],"wp:attachment":[{"href":"https:\/\/wisdomforest.org\/es\/wp-json\/wp\/v2\/media?parent=7030"}],"curies":[{"name":"wp","href":"https:\/\/api.w.org\/{rel}","templated":true}]}}