{"id":7192,"date":"2025-05-12T10:34:07","date_gmt":"2025-05-12T15:34:07","guid":{"rendered":"https:\/\/wisdomforest.org\/?page_id=7192"},"modified":"2025-10-14T13:09:18","modified_gmt":"2025-10-14T18:09:18","slug":"retreats","status":"publish","type":"page","link":"https:\/\/wisdomforest.org\/es\/retreats\/","title":{"rendered":"Retiros"},"content":{"rendered":"<div data-elementor-type=\"wp-page\" data-elementor-id=\"7192\" class=\"elementor elementor-7192\" data-elementor-post-type=\"page\">\n\t\t\t\t<div data-particle_enable=\"false\" data-particle-mobile-disabled=\"false\" class=\"elementor-element elementor-element-574308bd e-flex e-con-boxed e-con e-parent\" data-id=\"574308bd\" data-element_type=\"container\" data-settings=\"{&quot;background_background&quot;:&quot;classic&quot;}\">\n\t\t\t\t\t<div class=\"e-con-inner\">\n\t\t\t\t<div class=\"elementor-element elementor-element-1a4e0bb5 elementor-widget elementor-widget-heading\" data-id=\"1a4e0bb5\" data-element_type=\"widget\" data-widget_type=\"heading.default\">\n\t\t\t\t<div class=\"elementor-widget-container\">\n\t\t\t\t\t<h2 class=\"elementor-heading-title elementor-size-default\">RETIROS<\/h2>\t\t\t\t<\/div>\n\t\t\t\t<\/div>\n\t\t\t\t\t<\/div>\n\t\t\t\t<\/div>\n\t\t<div data-particle_enable=\"false\" data-particle-mobile-disabled=\"false\" class=\"elementor-element elementor-element-91f4d3d e-flex e-con-boxed e-con e-parent\" data-id=\"91f4d3d\" data-element_type=\"container\" data-settings=\"{&quot;background_background&quot;:&quot;classic&quot;}\">\n\t\t\t\t\t<div class=\"e-con-inner\">\n\t\t\t\t<div class=\"elementor-element elementor-element-597d491 elementor-widget elementor-widget-text-editor\" data-id=\"597d491\" data-element_type=\"widget\" data-widget_type=\"text-editor.default\">\n\t\t\t\t<div class=\"elementor-widget-container\">\n\t\t\t\t\t\t\t\t\t<p>En Wisdom Forest, los retiros son m\u00e1s que experiencias: son oportunidades para <br \/>transformaci\u00f3n y reconexi\u00f3n con lo que realmente importa. Ya sea a trav\u00e9s del empoderamiento <br \/>energ\u00eda de las pr\u00e1cticas de yoga, ceremonias sagradas, la resonancia del mantra o viajes inmersivos <br \/>En la naturaleza, la ecolog\u00eda y la permacultura, cada retiro refleja nuestros valores fundamentales de proteger el medio ambiente. <br \/>Tierra y abrazar una vida de simplicidad y equilibrio. Guiado por facilitadores inspiradores o <br \/>Maestros locales dedicados, Wisdom Forest ofrece un santuario donde las ideas florecen y las conexiones <br \/>Prospera y descubre la belleza de una vida consciente y armoniosa. \u00danete a nosotros y s\u00e9 parte de esto. <br \/>viaje hacia una comprensi\u00f3n y un prop\u00f3sito m\u00e1s profundos.<\/p>\t\t\t\t\t\t\t\t<\/div>\n\t\t\t\t<\/div>\n\t\t\t\t\t<\/div>\n\t\t\t\t<\/div>\n\t\t<div data-particle_enable=\"false\" data-particle-mobile-disabled=\"false\" class=\"elementor-element elementor-element-159f3250 e-flex e-con-boxed e-con e-parent\" data-id=\"159f3250\" data-element_type=\"container\" data-settings=\"{&quot;background_background&quot;:&quot;classic&quot;,&quot;background_motion_fx_motion_fx_scrolling&quot;:&quot;yes&quot;,&quot;background_motion_fx_translateY_effect&quot;:&quot;yes&quot;,&quot;background_motion_fx_translateY_speed&quot;:{&quot;unit&quot;:&quot;px&quot;,&quot;size&quot;:2,&quot;sizes&quot;:[]},&quot;background_motion_fx_translateY_affectedRange&quot;:{&quot;unit&quot;:&quot;%&quot;,&quot;size&quot;:&quot;&quot;,&quot;sizes&quot;:{&quot;start&quot;:0,&quot;end&quot;:100}},&quot;background_motion_fx_devices&quot;:[&quot;desktop&quot;,&quot;tablet&quot;,&quot;mobile&quot;]}\">\n\t\t\t\t\t<div class=\"e-con-inner\">\n\t\t<div data-particle_enable=\"false\" data-particle-mobile-disabled=\"false\" class=\"elementor-element elementor-element-2770c3f6 e-con-full e-flex e-con e-child\" data-id=\"2770c3f6\" data-element_type=\"container\">\n\t\t\t\t<div class=\"elementor-element elementor-element-36b7892a elementor-widget elementor-widget-image\" data-id=\"36b7892a\" data-element_type=\"widget\" data-widget_type=\"image.default\">\n\t\t\t\t<div class=\"elementor-widget-container\">\n\t\t\t\t\t\t\t\t\t\t\t\t\t\t\t<img decoding=\"async\" src=\"https:\/\/wisdomforest.org\/wp-content\/uploads\/elementor\/thumbs\/1-3-r8v6b5lb6xk5lshuqu7a6qgcugqj7rfgxs0nep496o.webp\" title=\"1\" alt=\"1\" loading=\"lazy\" \/>\t\t\t\t\t\t\t\t\t\t\t\t\t\t\t<\/div>\n\t\t\t\t<\/div>\n\t\t<div data-particle_enable=\"false\" data-particle-mobile-disabled=\"false\" class=\"elementor-element elementor-element-592989ac e-con-full e-flex e-con e-child\" data-id=\"592989ac\" data-element_type=\"container\" data-settings=\"{&quot;background_background&quot;:&quot;classic&quot;}\">\n\t\t\t\t<div class=\"elementor-element elementor-element-6ff7a8a3 elementor-widget elementor-widget-heading\" data-id=\"6ff7a8a3\" data-element_type=\"widget\" data-widget_type=\"heading.default\">\n\t\t\t\t<div class=\"elementor-widget-container\">\n\t\t\t\t\t<h2 class=\"elementor-heading-title elementor-size-default\">SACRED WISDOM RETREAT<\/h2>\t\t\t\t<\/div>\n\t\t\t\t<\/div>\n\t\t\t\t<div class=\"elementor-element elementor-element-501badaf elementor-widget elementor-widget-text-editor\" data-id=\"501badaf\" data-element_type=\"widget\" data-widget_type=\"text-editor.default\">\n\t\t\t\t<div class=\"elementor-widget-container\">\n\t\t\t\t\t\t\t\t\t<p class=\"\" data-start=\"114\" data-end=\"328\">Descubra un poderoso retiro de 7 d\u00edas que combina Bhakti Yoga, Ayurveda, aventuras en la selva tropical y rituales sagrados para ayudarlo a sanar, crecer y realinearse con su verdadera esencia.<\/p>\t\t\t\t\t\t\t\t<\/div>\n\t\t\t\t<\/div>\n\t\t\t\t<div class=\"elementor-element elementor-element-1eca4780 elementor-widget elementor-widget-button\" data-id=\"1eca4780\" data-element_type=\"widget\" data-widget_type=\"button.default\">\n\t\t\t\t<div class=\"elementor-widget-container\">\n\t\t\t\t\t\t\t\t\t<div class=\"elementor-button-wrapper\">\n\t\t\t\t\t<a class=\"elementor-button elementor-button-link elementor-size-sm elementor-animation-grow\" href=\"https:\/\/wisdomforest.org\/wisdom-forest-retreat\/\">\n\t\t\t\t\t\t<span class=\"elementor-button-content-wrapper\">\n\t\t\t\t\t\t\t\t\t<span class=\"elementor-button-text\"> \u2015 LEER M\u00c1S<\/span>\n\t\t\t\t\t<\/span>\n\t\t\t\t\t<\/a>\n\t\t\t\t<\/div>\n\t\t\t\t\t\t\t\t<\/div>\n\t\t\t\t<\/div>\n\t\t\t\t<\/div>\n\t\t\t\t<\/div>\n\t\t<div data-particle_enable=\"false\" data-particle-mobile-disabled=\"false\" class=\"elementor-element elementor-element-7da25201 e-con-full elementor-hidden-mobile e-flex e-con e-child\" data-id=\"7da25201\" data-element_type=\"container\">\n\t\t\t\t<div class=\"elementor-element elementor-element-178c9f50 elementor-widget elementor-widget-image\" data-id=\"178c9f50\" data-element_type=\"widget\" data-widget_type=\"image.default\">\n\t\t\t\t<div class=\"elementor-widget-container\">\n\t\t\t\t\t\t\t\t\t\t\t\t\t\t\t<img decoding=\"async\" src=\"https:\/\/wisdomforest.org\/wp-content\/uploads\/elementor\/thumbs\/YOGA-28-r8v6b6j5drlfxeghlclwr87tfulwfgj79wo4vz2v0g.webp\" title=\"YOGA 28\" alt=\"YOGA 28\" loading=\"lazy\" \/>\t\t\t\t\t\t\t\t\t\t\t\t\t\t\t<\/div>\n\t\t\t\t<\/div>\n\t\t<div data-particle_enable=\"false\" data-particle-mobile-disabled=\"false\" class=\"elementor-element elementor-element-187326c6 e-con-full e-flex e-con e-child\" data-id=\"187326c6\" data-element_type=\"container\" data-settings=\"{&quot;background_background&quot;:&quot;classic&quot;}\">\n\t\t\t\t<div class=\"elementor-element elementor-element-9443a87 elementor-widget elementor-widget-heading\" data-id=\"9443a87\" data-element_type=\"widget\" data-widget_type=\"heading.default\">\n\t\t\t\t<div class=\"elementor-widget-container\">\n\t\t\t\t\t<h2 class=\"elementor-heading-title elementor-size-default\">CALENDARIO DE RETIROS<\/h2>\t\t\t\t<\/div>\n\t\t\t\t<\/div>\n\t\t\t\t<div class=\"elementor-element elementor-element-18e204ac elementor-widget elementor-widget-text-editor\" data-id=\"18e204ac\" data-element_type=\"widget\" data-widget_type=\"text-editor.default\">\n\t\t\t\t<div class=\"elementor-widget-container\">\n\t\t\t\t\t\t\t\t\t<p>Encuentra el momento perfecto para reconectar. Explora nuestro calendario de retiros y descubre experiencias de bienestar \u00fanicas basadas en Ayurveda, Bhakti Yoga e inmersi\u00f3n en la naturaleza, todo en el coraz\u00f3n de la Amazon\u00eda.<\/p>\t\t\t\t\t\t\t\t<\/div>\n\t\t\t\t<\/div>\n\t\t\t\t<div class=\"elementor-element elementor-element-146a8984 elementor-widget elementor-widget-button\" data-id=\"146a8984\" data-element_type=\"widget\" data-widget_type=\"button.default\">\n\t\t\t\t<div class=\"elementor-widget-container\">\n\t\t\t\t\t\t\t\t\t<div class=\"elementor-button-wrapper\">\n\t\t\t\t\t<a class=\"elementor-button elementor-button-link elementor-size-sm elementor-animation-grow\" href=\"https:\/\/wisdomforest.org\/retreat-calendar\/\">\n\t\t\t\t\t\t<span class=\"elementor-button-content-wrapper\">\n\t\t\t\t\t\t\t\t\t<span class=\"elementor-button-text\"> \u2015 LEER M\u00c1S<\/span>\n\t\t\t\t\t<\/span>\n\t\t\t\t\t<\/a>\n\t\t\t\t<\/div>\n\t\t\t\t\t\t\t\t<\/div>\n\t\t\t\t<\/div>\n\t\t\t\t<\/div>\n\t\t\t\t<\/div>\n\t\t\t\t\t<\/div>\n\t\t\t\t<\/div>\n\t\t<div data-particle_enable=\"false\" data-particle-mobile-disabled=\"false\" class=\"elementor-element elementor-element-79a26b78 e-con-full elementor-hidden-desktop elementor-hidden-tablet e-flex e-con e-child\" data-id=\"79a26b78\" data-element_type=\"container\">\n\t\t\t\t<div class=\"elementor-element elementor-element-16e00e11 elementor-widget elementor-widget-image\" data-id=\"16e00e11\" data-element_type=\"widget\" data-widget_type=\"image.default\">\n\t\t\t\t<div class=\"elementor-widget-container\">\n\t\t\t\t\t\t\t\t\t\t\t\t\t\t\t<img decoding=\"async\" src=\"https:\/\/wisdomforest.org\/wp-content\/uploads\/elementor\/thumbs\/YOGA-28-r8v6b6j5drlfxeghlclwr87tfulwfgj79wo4vz2v0g.webp\" title=\"YOGA 28\" alt=\"YOGA 28\" loading=\"lazy\" \/>\t\t\t\t\t\t\t\t\t\t\t\t\t\t\t<\/div>\n\t\t\t\t<\/div>\n\t\t<div data-particle_enable=\"false\" data-particle-mobile-disabled=\"false\" class=\"elementor-element elementor-element-1054ccad e-con-full e-flex e-con e-child\" data-id=\"1054ccad\" data-element_type=\"container\" data-settings=\"{&quot;background_background&quot;:&quot;classic&quot;}\">\n\t\t\t\t<div class=\"elementor-element elementor-element-241f16be elementor-widget elementor-widget-heading\" data-id=\"241f16be\" data-element_type=\"widget\" data-widget_type=\"heading.default\">\n\t\t\t\t<div class=\"elementor-widget-container\">\n\t\t\t\t\t<h2 class=\"elementor-heading-title elementor-size-default\">CALENDARIO DE RETIROS<\/h2>\t\t\t\t<\/div>\n\t\t\t\t<\/div>\n\t\t\t\t<div class=\"elementor-element elementor-element-4c03764d elementor-widget elementor-widget-text-editor\" data-id=\"4c03764d\" data-element_type=\"widget\" data-widget_type=\"text-editor.default\">\n\t\t\t\t<div class=\"elementor-widget-container\">\n\t\t\t\t\t\t\t\t\t<p>Encuentra el momento perfecto para reconectar. Explora nuestro calendario de retiros y descubre experiencias de bienestar \u00fanicas basadas en Ayurveda, Bhakti Yoga e inmersi\u00f3n en la naturaleza, todo en el coraz\u00f3n de la Amazon\u00eda.<\/p>\t\t\t\t\t\t\t\t<\/div>\n\t\t\t\t<\/div>\n\t\t\t\t<div class=\"elementor-element elementor-element-4d8f72fb elementor-widget elementor-widget-button\" data-id=\"4d8f72fb\" data-element_type=\"widget\" data-widget_type=\"button.default\">\n\t\t\t\t<div class=\"elementor-widget-container\">\n\t\t\t\t\t\t\t\t\t<div class=\"elementor-button-wrapper\">\n\t\t\t\t\t<a class=\"elementor-button elementor-button-link elementor-size-sm elementor-animation-grow\" href=\"https:\/\/wisdomforest.org\/retreat-calendar\/\">\n\t\t\t\t\t\t<span class=\"elementor-button-content-wrapper\">\n\t\t\t\t\t\t\t\t\t<span class=\"elementor-button-text\"> \u2015 LEER M\u00c1S<\/span>\n\t\t\t\t\t<\/span>\n\t\t\t\t\t<\/a>\n\t\t\t\t<\/div>\n\t\t\t\t\t\t\t\t<\/div>\n\t\t\t\t<\/div>\n\t\t\t\t<\/div>\n\t\t\t\t<\/div>\n\t\t<div data-particle_enable=\"false\" data-particle-mobile-disabled=\"false\" class=\"elementor-element elementor-element-2d05d960 e-flex e-con-boxed e-con e-parent\" data-id=\"2d05d960\" data-element_type=\"container\" data-settings=\"{&quot;background_background&quot;:&quot;classic&quot;,&quot;background_motion_fx_motion_fx_scrolling&quot;:&quot;yes&quot;,&quot;background_motion_fx_translateY_effect&quot;:&quot;yes&quot;,&quot;background_motion_fx_translateY_speed&quot;:{&quot;unit&quot;:&quot;px&quot;,&quot;size&quot;:2,&quot;sizes&quot;:[]},&quot;background_motion_fx_translateY_affectedRange&quot;:{&quot;unit&quot;:&quot;%&quot;,&quot;size&quot;:&quot;&quot;,&quot;sizes&quot;:{&quot;start&quot;:0,&quot;end&quot;:100}},&quot;background_motion_fx_devices&quot;:[&quot;desktop&quot;,&quot;tablet&quot;,&quot;mobile&quot;]}\">\n\t\t\t\t\t<div class=\"e-con-inner\">\n\t\t<div data-particle_enable=\"false\" data-particle-mobile-disabled=\"false\" class=\"elementor-element elementor-element-54e0e392 e-con-full e-flex e-con e-child\" data-id=\"54e0e392\" data-element_type=\"container\">\n\t\t\t\t<div class=\"elementor-element elementor-element-1d650f79 elementor-widget elementor-widget-image\" data-id=\"1d650f79\" data-element_type=\"widget\" data-widget_type=\"image.default\">\n\t\t\t\t<div class=\"elementor-widget-container\">\n\t\t\t\t\t\t\t\t\t\t\t\t\t\t\t<img decoding=\"async\" src=\"https:\/\/wisdomforest.org\/wp-content\/uploads\/elementor\/thumbs\/IMG_0338-scaled-r8v6b7gzklmq90f4fv0jbpza18h9n5mxm1bmd91gu8.webp\" title=\"Imagen_0338\" alt=\"IMG_0338\" loading=\"lazy\" \/>\t\t\t\t\t\t\t\t\t\t\t\t\t\t\t<\/div>\n\t\t\t\t<\/div>\n\t\t<div data-particle_enable=\"false\" data-particle-mobile-disabled=\"false\" class=\"elementor-element elementor-element-6b0bceb1 e-con-full e-flex e-con e-child\" data-id=\"6b0bceb1\" data-element_type=\"container\" data-settings=\"{&quot;background_background&quot;:&quot;classic&quot;}\">\n\t\t\t\t<div class=\"elementor-element elementor-element-3e1409d8 elementor-widget elementor-widget-heading\" data-id=\"3e1409d8\" data-element_type=\"widget\" data-widget_type=\"heading.default\">\n\t\t\t\t<div class=\"elementor-widget-container\">\n\t\t\t\t\t<h2 class=\"elementor-heading-title elementor-size-default\">ORGANIZA TU RETIRO<\/h2>\t\t\t\t<\/div>\n\t\t\t\t<\/div>\n\t\t\t\t<div class=\"elementor-element elementor-element-64d19bbb elementor-widget elementor-widget-text-editor\" data-id=\"64d19bbb\" data-element_type=\"widget\" data-widget_type=\"text-editor.default\">\n\t\t\t\t<div class=\"elementor-widget-container\">\n\t\t\t\t\t\t\t\t\t<p>Organice su propio retiro en nuestro santuario ecol\u00f3gico, con vistas a la selva tropical, una sala de yoga, una piscina natural y espacios sagrados, ideales para una curaci\u00f3n profunda y experiencias grupales inolvidables.<\/p>\t\t\t\t\t\t\t\t<\/div>\n\t\t\t\t<\/div>\n\t\t\t\t<div class=\"elementor-element elementor-element-6acb5b23 elementor-widget elementor-widget-button\" data-id=\"6acb5b23\" data-element_type=\"widget\" data-widget_type=\"button.default\">\n\t\t\t\t<div class=\"elementor-widget-container\">\n\t\t\t\t\t\t\t\t\t<div class=\"elementor-button-wrapper\">\n\t\t\t\t\t<a class=\"elementor-button elementor-button-link elementor-size-sm elementor-animation-grow\" href=\"https:\/\/wisdomforest.org\/host-your-retreat\/\">\n\t\t\t\t\t\t<span class=\"elementor-button-content-wrapper\">\n\t\t\t\t\t\t\t\t\t<span class=\"elementor-button-text\"> \u2015 LEER M\u00c1S<\/span>\n\t\t\t\t\t<\/span>\n\t\t\t\t\t<\/a>\n\t\t\t\t<\/div>\n\t\t\t\t\t\t\t\t<\/div>\n\t\t\t\t<\/div>\n\t\t\t\t<\/div>\n\t\t\t\t<\/div>\n\t\t\t\t\t<\/div>\n\t\t\t\t<\/div>\n\t\t\t\t<\/div>","protected":false},"excerpt":{"rendered":"<p>RETREATS At Wisdom Forest, retreats are more than experiences\u2014they are opportunities for transformation and reconnection with what truly matters. Whether through the empowering energy of yoga practices, sacred ceremonies, the resonance of mantra, or immersive journeys into nature, ecology, and permaculture, each retreat reflects our core values of protecting the Earth and embracing a life [&hellip;]<\/p>","protected":false},"author":1,"featured_media":0,"parent":0,"menu_order":0,"comment_status":"closed","ping_status":"closed","template":"","meta":{"iawp_total_views":213,"footnotes":""},"class_list":["post-7192","page","type-page","status-publish","hentry"],"yoast_head":"<!-- This site is optimized with the Yoast SEO plugin v26.0 - https:\/\/yoast.com\/wordpress\/plugins\/seo\/ -->\n<title>Retreats - Wisdom Forest<\/title>\n<meta name=\"robots\" content=\"index, follow, max-snippet:-1, max-image-preview:large, max-video-preview:-1\" \/>\n<link rel=\"canonical\" href=\"https:\/\/wisdomforest.org\/es\/retreats\/\" \/>\n<meta property=\"og:locale\" content=\"es_ES\" \/>\n<meta property=\"og:type\" content=\"article\" \/>\n<meta property=\"og:title\" content=\"Retreats - Wisdom Forest\" \/>\n<meta property=\"og:description\" content=\"RETREATS At Wisdom Forest, retreats are more than experiences\u2014they are opportunities for transformation and reconnection with what truly matters. Whether through the empowering energy of yoga practices, sacred ceremonies, the resonance of mantra, or immersive journeys into nature, ecology, and permaculture, each retreat reflects our core values of protecting the Earth and embracing a life [&hellip;]\" \/>\n<meta property=\"og:url\" content=\"https:\/\/wisdomforest.org\/es\/retreats\/\" \/>\n<meta property=\"og:site_name\" content=\"Wisdom Forest\" \/>\n<meta property=\"article:publisher\" content=\"https:\/\/www.facebook.com\/wisdomforestecuador\" \/>\n<meta property=\"article:modified_time\" content=\"2025-10-14T18:09:18+00:00\" \/>\n<meta property=\"og:image\" content=\"https:\/\/wisdomforest.org\/wp-content\/uploads\/elementor\/thumbs\/1-3-r8v6b5lb6xk5lshuqu7a6qgcugqj7rfgxs0nep496o.webp\" \/>\n<meta name=\"twitter:card\" content=\"summary_large_image\" \/>\n<meta name=\"twitter:label1\" content=\"Tiempo de lectura\" \/>\n\t<meta name=\"twitter:data1\" content=\"2 minutos\" \/>\n<script type=\"application\/ld+json\" class=\"yoast-schema-graph\">{\"@context\":\"https:\/\/schema.org\",\"@graph\":[{\"@type\":\"WebPage\",\"@id\":\"https:\/\/wisdomforest.org\/retreats\/\",\"url\":\"https:\/\/wisdomforest.org\/retreats\/\",\"name\":\"Retreats - Wisdom Forest\",\"isPartOf\":{\"@id\":\"https:\/\/wisdomforest.org\/#website\"},\"primaryImageOfPage\":{\"@id\":\"https:\/\/wisdomforest.org\/retreats\/#primaryimage\"},\"image\":{\"@id\":\"https:\/\/wisdomforest.org\/retreats\/#primaryimage\"},\"thumbnailUrl\":\"https:\/\/wisdomforest.org\/wp-content\/uploads\/elementor\/thumbs\/1-3-r8v6b5lb6xk5lshuqu7a6qgcugqj7rfgxs0nep496o.webp\",\"datePublished\":\"2025-05-12T15:34:07+00:00\",\"dateModified\":\"2025-10-14T18:09:18+00:00\",\"breadcrumb\":{\"@id\":\"https:\/\/wisdomforest.org\/retreats\/#breadcrumb\"},\"inLanguage\":\"es\",\"potentialAction\":[{\"@type\":\"ReadAction\",\"target\":[\"https:\/\/wisdomforest.org\/retreats\/\"]}]},{\"@type\":\"ImageObject\",\"inLanguage\":\"es\",\"@id\":\"https:\/\/wisdomforest.org\/retreats\/#primaryimage\",\"url\":\"https:\/\/wisdomforest.org\/wp-content\/uploads\/elementor\/thumbs\/1-3-r8v6b5lb6xk5lshuqu7a6qgcugqj7rfgxs0nep496o.webp\",\"contentUrl\":\"https:\/\/wisdomforest.org\/wp-content\/uploads\/elementor\/thumbs\/1-3-r8v6b5lb6xk5lshuqu7a6qgcugqj7rfgxs0nep496o.webp\"},{\"@type\":\"BreadcrumbList\",\"@id\":\"https:\/\/wisdomforest.org\/retreats\/#breadcrumb\",\"itemListElement\":[{\"@type\":\"ListItem\",\"position\":1,\"name\":\"Portada\",\"item\":\"https:\/\/wisdomforest.org\/\"},{\"@type\":\"ListItem\",\"position\":2,\"name\":\"Retreats\"}]},{\"@type\":\"WebSite\",\"@id\":\"https:\/\/wisdomforest.org\/#website\",\"url\":\"https:\/\/wisdomforest.org\/\",\"name\":\"Wisdom Forest Ecuador\",\"description\":\"\",\"publisher\":{\"@id\":\"https:\/\/wisdomforest.org\/#organization\"},\"potentialAction\":[{\"@type\":\"SearchAction\",\"target\":{\"@type\":\"EntryPoint\",\"urlTemplate\":\"https:\/\/wisdomforest.org\/?s={search_term_string}\"},\"query-input\":{\"@type\":\"PropertyValueSpecification\",\"valueRequired\":true,\"valueName\":\"search_term_string\"}}],\"inLanguage\":\"es\"},{\"@type\":\"Organization\",\"@id\":\"https:\/\/wisdomforest.org\/#organization\",\"name\":\"Wisdom Forest Lodge\",\"url\":\"https:\/\/wisdomforest.org\/\",\"logo\":{\"@type\":\"ImageObject\",\"inLanguage\":\"es\",\"@id\":\"https:\/\/wisdomforest.org\/#\/schema\/logo\/image\/\",\"url\":\"https:\/\/wisdomforest.org\/wp-content\/uploads\/2024\/09\/Wisdom-Forest-Logo-negro-10.png\",\"contentUrl\":\"https:\/\/wisdomforest.org\/wp-content\/uploads\/2024\/09\/Wisdom-Forest-Logo-negro-10.png\",\"width\":2214,\"height\":1975,\"caption\":\"Wisdom Forest Lodge\"},\"image\":{\"@id\":\"https:\/\/wisdomforest.org\/#\/schema\/logo\/image\/\"},\"sameAs\":[\"https:\/\/www.facebook.com\/wisdomforestecuador\",\"https:\/\/www.instagram.com\/wisdomforestecuador\/\"]}]}<\/script>\n<!-- \/ Yoast SEO plugin. -->","yoast_head_json":{"title":"Retreats - Wisdom Forest","robots":{"index":"index","follow":"follow","max-snippet":"max-snippet:-1","max-image-preview":"max-image-preview:large","max-video-preview":"max-video-preview:-1"},"canonical":"https:\/\/wisdomforest.org\/es\/retreats\/","og_locale":"es_ES","og_type":"article","og_title":"Retreats - Wisdom Forest","og_description":"RETREATS At Wisdom Forest, retreats are more than experiences\u2014they are opportunities for transformation and reconnection with what truly matters. Whether through the empowering energy of yoga practices, sacred ceremonies, the resonance of mantra, or immersive journeys into nature, ecology, and permaculture, each retreat reflects our core values of protecting the Earth and embracing a life [&hellip;]","og_url":"https:\/\/wisdomforest.org\/es\/retreats\/","og_site_name":"Wisdom Forest","article_publisher":"https:\/\/www.facebook.com\/wisdomforestecuador","article_modified_time":"2025-10-14T18:09:18+00:00","og_image":[{"url":"https:\/\/wisdomforest.org\/wp-content\/uploads\/elementor\/thumbs\/1-3-r8v6b5lb6xk5lshuqu7a6qgcugqj7rfgxs0nep496o.webp","type":"","width":"","height":""}],"twitter_card":"summary_large_image","twitter_misc":{"Tiempo de lectura":"2 minutos"},"schema":{"@context":"https:\/\/schema.org","@graph":[{"@type":"WebPage","@id":"https:\/\/wisdomforest.org\/retreats\/","url":"https:\/\/wisdomforest.org\/retreats\/","name":"Retreats - Wisdom Forest","isPartOf":{"@id":"https:\/\/wisdomforest.org\/#website"},"primaryImageOfPage":{"@id":"https:\/\/wisdomforest.org\/retreats\/#primaryimage"},"image":{"@id":"https:\/\/wisdomforest.org\/retreats\/#primaryimage"},"thumbnailUrl":"https:\/\/wisdomforest.org\/wp-content\/uploads\/elementor\/thumbs\/1-3-r8v6b5lb6xk5lshuqu7a6qgcugqj7rfgxs0nep496o.webp","datePublished":"2025-05-12T15:34:07+00:00","dateModified":"2025-10-14T18:09:18+00:00","breadcrumb":{"@id":"https:\/\/wisdomforest.org\/retreats\/#breadcrumb"},"inLanguage":"es","potentialAction":[{"@type":"ReadAction","target":["https:\/\/wisdomforest.org\/retreats\/"]}]},{"@type":"ImageObject","inLanguage":"es","@id":"https:\/\/wisdomforest.org\/retreats\/#primaryimage","url":"https:\/\/wisdomforest.org\/wp-content\/uploads\/elementor\/thumbs\/1-3-r8v6b5lb6xk5lshuqu7a6qgcugqj7rfgxs0nep496o.webp","contentUrl":"https:\/\/wisdomforest.org\/wp-content\/uploads\/elementor\/thumbs\/1-3-r8v6b5lb6xk5lshuqu7a6qgcugqj7rfgxs0nep496o.webp"},{"@type":"BreadcrumbList","@id":"https:\/\/wisdomforest.org\/retreats\/#breadcrumb","itemListElement":[{"@type":"ListItem","position":1,"name":"Portada","item":"https:\/\/wisdomforest.org\/"},{"@type":"ListItem","position":2,"name":"Retreats"}]},{"@type":"WebSite","@id":"https:\/\/wisdomforest.org\/#website","url":"https:\/\/wisdomforest.org\/","name":"Wisdom Forest Ecuador","description":"","publisher":{"@id":"https:\/\/wisdomforest.org\/#organization"},"potentialAction":[{"@type":"SearchAction","target":{"@type":"EntryPoint","urlTemplate":"https:\/\/wisdomforest.org\/?s={search_term_string}"},"query-input":{"@type":"PropertyValueSpecification","valueRequired":true,"valueName":"search_term_string"}}],"inLanguage":"es"},{"@type":"Organization","@id":"https:\/\/wisdomforest.org\/#organization","name":"Caba\u00f1a del Bosque de la Sabidur\u00eda","url":"https:\/\/wisdomforest.org\/","logo":{"@type":"ImageObject","inLanguage":"es","@id":"https:\/\/wisdomforest.org\/#\/schema\/logo\/image\/","url":"https:\/\/wisdomforest.org\/wp-content\/uploads\/2024\/09\/Wisdom-Forest-Logo-negro-10.png","contentUrl":"https:\/\/wisdomforest.org\/wp-content\/uploads\/2024\/09\/Wisdom-Forest-Logo-negro-10.png","width":2214,"height":1975,"caption":"Wisdom Forest Lodge"},"image":{"@id":"https:\/\/wisdomforest.org\/#\/schema\/logo\/image\/"},"sameAs":["https:\/\/www.facebook.com\/wisdomforestecuador","https:\/\/www.instagram.com\/wisdomforestecuador\/"]}]}},"jetpack_sharing_enabled":true,"_links":{"self":[{"href":"https:\/\/wisdomforest.org\/es\/wp-json\/wp\/v2\/pages\/7192","targetHints":{"allow":["GET"]}}],"collection":[{"href":"https:\/\/wisdomforest.org\/es\/wp-json\/wp\/v2\/pages"}],"about":[{"href":"https:\/\/wisdomforest.org\/es\/wp-json\/wp\/v2\/types\/page"}],"author":[{"embeddable":true,"href":"https:\/\/wisdomforest.org\/es\/wp-json\/wp\/v2\/users\/1"}],"replies":[{"embeddable":true,"href":"https:\/\/wisdomforest.org\/es\/wp-json\/wp\/v2\/comments?post=7192"}],"version-history":[{"count":0,"href":"https:\/\/wisdomforest.org\/es\/wp-json\/wp\/v2\/pages\/7192\/revisions"}],"wp:attachment":[{"href":"https:\/\/wisdomforest.org\/es\/wp-json\/wp\/v2\/media?parent=7192"}],"curies":[{"name":"wp","href":"https:\/\/api.w.org\/{rel}","templated":true}]}}